{"id":15,"date":"2025-02-25T03:00:51","date_gmt":"2025-02-25T03:00:51","guid":{"rendered":"https:\/\/lanutripau.com\/?page_id=15"},"modified":"2025-02-26T16:27:21","modified_gmt":"2025-02-26T16:27:21","slug":"food","status":"publish","type":"page","link":"https:\/\/lanutripau.com\/index.php\/food\/","title":{"rendered":"Food"},"content":{"rendered":"<p>[et_pb_section fb_built=\u00bb1&#8243; admin_label=\u00bbHero\u00bb _builder_version=\u00bb4.17.6&#8243; _module_preset=\u00bbdefault\u00bb locked=\u00bboff\u00bb collapsed=\u00bbon\u00bb global_colors_info=\u00bb{}\u00bb][et_pb_row column_structure=\u00bb1_2,1_2&#8243; _builder_version=\u00bb4.17.6&#8243; _module_preset=\u00bb5138c454-be54-4233-bd3b-f8e6a8747976&#8243; global_colors_info=\u00bb{}\u00bb][et_pb_column type=\u00bb1_2&#8243; _builder_version=\u00bb4.17.6&#8243; _module_preset=\u00bb73121f80-a3ef-4484-8763-c3f18e3c56d2&#8243; global_colors_info=\u00bb{}\u00bb][et_pb_heading title=\u00bbDescubre el Camino hacia una Vida Saludable\u00bb _builder_version=\u00bb4.24.2&#8243; _module_preset=\u00bbddeb8c09-9078-4424-bc15-2efb6572e28e\u00bb locked=\u00bboff\u00bb global_colors_info=\u00bb{}\u00bb][\/et_pb_heading][et_pb_text _builder_version=\u00bb4.24.3&#8243; _module_preset=\u00bb2c55a9c4-feed-423b-9edb-ae0b5b365cac\u00bb locked=\u00bboff\u00bb global_colors_info=\u00bb{}\u00bb]<\/p>\n<p>Explora consejos pr\u00e1cticos y recetas deliciosas para transformar tu alimentaci\u00f3n y mejorar tu bienestar.<\/p>\n<p>[\/et_pb_text][et_pb_blurb title=\u00bbNutrici\u00f3n Inteligente\u00bb use_icon=\u00bbon\u00bb font_icon=\u00bb&#xf785;||fa||400&#8243; icon_color=\u00bbgcid-secondary-color\u00bb _builder_version=\u00bb4.24.3&#8243; _module_preset=\u00bb1ea53d41-9439-472c-8d8b-7bddb3bf9444&#8243; global_colors_info=\u00bb{%22gcid-body-color%22:%91%22body_text_color%22%93,%22gcid-heading-color%22:%91%22header_text_color%22%93,%22gcid-secondary-color%22:%91%22icon_color%22%93}\u00bb][\/et_pb_blurb][et_pb_blurb title=\u00bbRecetas Saludables\u00bb use_icon=\u00bbon\u00bb font_icon=\u00bb&#xe012;||divi||400&#8243; icon_color=\u00bbgcid-secondary-color\u00bb _builder_version=\u00bb4.24.3&#8243; _module_preset=\u00bb1ea53d41-9439-472c-8d8b-7bddb3bf9444&#8243; global_colors_info=\u00bb{%22gcid-body-color%22:%91%22body_text_color%22%93,%22gcid-heading-color%22:%91%22header_text_color%22%93,%22gcid-secondary-color%22:%91%22icon_color%22%93}\u00bb][\/et_pb_blurb][et_pb_blurb title=\u00bbConsejos Pr\u00e1cticos\u00bb use_icon=\u00bbon\u00bb font_icon=\u00bb&#xe012;||divi||400&#8243; icon_color=\u00bbgcid-secondary-color\u00bb _builder_version=\u00bb4.24.2&#8243; _module_preset=\u00bb1ea53d41-9439-472c-8d8b-7bddb3bf9444&#8243; global_colors_info=\u00bb{%22gcid-body-color%22:%91%22body_text_color%22%93,%22gcid-heading-color%22:%91%22header_text_color%22%93,%22gcid-secondary-color%22:%91%22icon_color%22%93}\u00bb][\/et_pb_blurb][et_pb_button button_text=\u00bbComienza Ahora\u00bb _builder_version=\u00bb4.23.1&#8243; _module_preset=\u00bb1bffc0fc-42a0-49d1-bd9a-ae3ade2d7206&#8243; locked=\u00bboff\u00bb global_colors_info=\u00bb{}\u00bb][\/et_pb_button][\/et_pb_column][et_pb_column type=\u00bb1_2&#8243; _builder_version=\u00bb4.17.6&#8243; _module_preset=\u00bb73121f80-a3ef-4484-8763-c3f18e3c56d2&#8243; global_colors_info=\u00bb{}\u00bb][et_pb_image src=\u00bbhttps:\/\/lanutripau.com\/wp-content\/uploads\/2025\/02\/cef7fcd2-57ba-4af1-ada5-8a7a161ad9ee-0-800&#215;1080.jpg\u00bb title_text=\u00bb800&#215;1080&#8243; _builder_version=\u00bb4.24.3&#8243; _module_preset=\u00bb6ed8fd5c-62c5-4100-98c3-7b8b6d2c2ee6&#8243; box_shadow_style=\u00bbpreset4&#8243; box_shadow_horizontal=\u00bb0px\u00bb box_shadow_vertical=\u00bb24px\u00bb box_shadow_blur=\u00bb72px\u00bb box_shadow_spread=\u00bb-12px\u00bb global_colors_info=\u00bb{}\u00bb][\/et_pb_image][\/et_pb_column][\/et_pb_row][\/et_pb_section][et_pb_section fb_built=\u00bb1&#8243; admin_label=\u00bbRecipes\u00bb _builder_version=\u00bb4.25.1&#8243; _module_preset=\u00bbdefault\u00bb collapsed=\u00bbon\u00bb global_colors_info=\u00bb{}\u00bb][et_pb_row _builder_version=\u00bb4.25.1&#8243; _module_preset=\u00bbdefault\u00bb global_colors_info=\u00bb{}\u00bb][et_pb_column type=\u00bb4_4&#8243; _builder_version=\u00bb4.25.1&#8243; _module_preset=\u00bbdefault\u00bb global_colors_info=\u00bb{}\u00bb][et_pb_heading title=\u00bbRecetas Saludables para Todos los D\u00edas\u00bb _builder_version=\u00bb4.25.1&#8243; _module_preset=\u00bbc33f07d9-41e0-421a-8799-5799df695cce\u00bb global_colors_info=\u00bb{}\u00bb][\/et_pb_heading][\/et_pb_column][\/et_pb_row][et_pb_row column_structure=\u00bb1_3,1_3,1_3&#8243; custom_padding_last_edited=\u00bbon|desktop\u00bb _builder_version=\u00bb4.25.1&#8243; _module_preset=\u00bbdefault\u00bb custom_margin=\u00bb||30px||false|false\u00bb custom_padding_tablet=\u00bb||0px||false|false\u00bb custom_padding_phone=\u00bb||0px||false|false\u00bb locked=\u00bboff\u00bb global_colors_info=\u00bb{}\u00bb][et_pb_column type=\u00bb1_3&#8243; _builder_version=\u00bb4.25.1&#8243; _module_preset=\u00bbdefault\u00bb global_colors_info=\u00bb{}\u00bb][et_pb_image src=\u00bbhttps:\/\/lanutripau.com\/wp-content\/uploads\/2025\/02\/0-e7e1c39c-ea4e-477f-a04f-1168c104df96-800&#215;600.jpg\u00bb title_text=\u00bb800&#215;600&#8243; _builder_version=\u00bb4.25.1&#8243; _module_preset=\u00bbdefault\u00bb global_colors_info=\u00bb{}\u00bb][\/et_pb_image][et_pb_heading title=\u00bbEnsalada de Quinoa y Aguacate\u00bb _builder_version=\u00bb4.25.1&#8243; _module_preset=\u00bb8c21dae4-c59d-4c2b-958c-0e045c7f06d6&#8243; global_colors_info=\u00bb{}\u00bb][\/et_pb_heading][et_pb_text _builder_version=\u00bb4.25.1&#8243; _module_preset=\u00bb2c55a9c4-feed-423b-9edb-ae0b5b365cac\u00bb global_colors_info=\u00bb{}\u00bb]Una refrescante ensalada llena de prote\u00ednas y grasas saludables, perfecta para el almuerzo o la cena.[\/et_pb_text][et_pb_button button_text=\u00bbVer Receta\u00bb _builder_version=\u00bb4.25.1&#8243; _module_preset=\u00bb1bffc0fc-42a0-49d1-bd9a-ae3ade2d7206&#8243; global_colors_info=\u00bb{}\u00bb][\/et_pb_button][\/et_pb_column][et_pb_column type=\u00bb1_3&#8243; _builder_version=\u00bb4.25.1&#8243; _module_preset=\u00bbdefault\u00bb global_colors_info=\u00bb{}\u00bb][et_pb_image src=\u00bbhttps:\/\/lanutripau.com\/wp-content\/uploads\/2025\/02\/0-69c1abde-9ee2-46ea-a201-db827ed425ae-800&#215;600.jpg\u00bb title_text=\u00bb800&#215;600&#8243; _builder_version=\u00bb4.25.1&#8243; _module_preset=\u00bbdefault\u00bb global_colors_info=\u00bb{}\u00bb][\/et_pb_image][et_pb_heading title=\u00bbSopa Detox de Verduras\u00bb _builder_version=\u00bb4.25.1&#8243; _module_preset=\u00bb8c21dae4-c59d-4c2b-958c-0e045c7f06d6&#8243; global_colors_info=\u00bb{}\u00bb][\/et_pb_heading][et_pb_text _builder_version=\u00bb4.25.1&#8243; _module_preset=\u00bb2c55a9c4-feed-423b-9edb-ae0b5b365cac\u00bb global_colors_info=\u00bb{}\u00bb]Una sopa ligera y nutritiva que ayuda a desintoxicar tu cuerpo mientras disfrutas de un sabor delicioso.[\/et_pb_text][et_pb_button button_text=\u00bbVer Receta\u00bb _builder_version=\u00bb4.25.1&#8243; _module_preset=\u00bb1bffc0fc-42a0-49d1-bd9a-ae3ade2d7206&#8243; global_colors_info=\u00bb{}\u00bb][\/et_pb_button][\/et_pb_column][et_pb_column type=\u00bb1_3&#8243; _builder_version=\u00bb4.25.1&#8243; _module_preset=\u00bbdefault\u00bb global_colors_info=\u00bb{}\u00bb][et_pb_image src=\u00bbhttps:\/\/lanutripau.com\/wp-content\/uploads\/2025\/02\/0-d1ccb2ff-11b8-44fd-9ca4-f5515fa90aaa-800&#215;600.jpg\u00bb title_text=\u00bb800&#215;600&#8243; _builder_version=\u00bb4.25.1&#8243; _module_preset=\u00bbdefault\u00bb global_colors_info=\u00bb{}\u00bb][\/et_pb_image][et_pb_heading title=\u00bbSmoothie Energ\u00e9tico de Frutas\u00bb _builder_version=\u00bb4.25.1&#8243; _module_preset=\u00bb8c21dae4-c59d-4c2b-958c-0e045c7f06d6&#8243; global_colors_info=\u00bb{}\u00bb][\/et_pb_heading][et_pb_text _builder_version=\u00bb4.25.1&#8243; _module_preset=\u00bb2c55a9c4-feed-423b-9edb-ae0b5b365cac\u00bb global_colors_info=\u00bb{}\u00bb]Un batido lleno de vitaminas y minerales para comenzar tu d\u00eda con energ\u00eda y vitalidad.[\/et_pb_text][et_pb_button button_text=\u00bbVer Receta\u00bb _builder_version=\u00bb4.25.1&#8243; _module_preset=\u00bb1bffc0fc-42a0-49d1-bd9a-ae3ade2d7206&#8243; global_colors_info=\u00bb{}\u00bb][\/et_pb_button][\/et_pb_column][\/et_pb_row][\/et_pb_section][et_pb_section fb_built=\u00bb1&#8243; admin_label=\u00bbText &#038; Image\u00bb _builder_version=\u00bb4.18.0&#8243; _module_preset=\u00bbdefault\u00bb locked=\u00bboff\u00bb collapsed=\u00bbon\u00bb global_colors_info=\u00bb{}\u00bb][et_pb_row column_structure=\u00bb1_2,1_2&#8243; _builder_version=\u00bb4.23.1&#8243; _module_preset=\u00bb5138c454-be54-4233-bd3b-f8e6a8747976&#8243; global_colors_info=\u00bb{}\u00bb][et_pb_column type=\u00bb1_2&#8243; _builder_version=\u00bb4.18.0&#8243; _module_preset=\u00bb73121f80-a3ef-4484-8763-c3f18e3c56d2&#8243; custom_padding=\u00bb5%||5%||true|false\u00bb custom_padding_tablet=\u00bb0%||0%||true|false\u00bb custom_padding_phone=\u00bb0%||0%||true|false\u00bb custom_padding_last_edited=\u00bbon|desktop\u00bb global_colors_info=\u00bb{}\u00bb][et_pb_heading title=\u00bbConsejos para una Alimentaci\u00f3n Equilibrada\u00bb _builder_version=\u00bb4.24.3&#8243; _module_preset=\u00bbc33f07d9-41e0-421a-8799-5799df695cce\u00bb locked=\u00bboff\u00bb global_colors_info=\u00bb{}\u00bb][\/et_pb_heading][et_pb_text _builder_version=\u00bb4.24.2&#8243; _module_preset=\u00bb2c55a9c4-feed-423b-9edb-ae0b5b365cac\u00bb global_colors_info=\u00bb{}\u00bb]<\/p>\n<p>Elegir alimentos saludables no tiene que ser complicado. Opta por productos frescos, integra m\u00e1s vegetales en tus comidas y no olvides la importancia de la hidrataci\u00f3n. Mant\u00e9n un equilibrio entre prote\u00ednas, carbohidratos y grasas saludables para asegurar que tu cuerpo reciba todos los nutrientes necesarios. Recuerda que la moderaci\u00f3n es clave y que cada elecci\u00f3n alimentaria cuenta hacia un estilo de vida m\u00e1s saludable.<\/p>\n<p>[\/et_pb_text][et_pb_button button_text=\u00bbAprende M\u00e1s\u00bb _builder_version=\u00bb4.23.1&#8243; _module_preset=\u00bb1bffc0fc-42a0-49d1-bd9a-ae3ade2d7206&#8243; global_colors_info=\u00bb{}\u00bb][\/et_pb_button][\/et_pb_column][et_pb_column type=\u00bb1_2&#8243; _builder_version=\u00bb4.18.0&#8243; _module_preset=\u00bb73121f80-a3ef-4484-8763-c3f18e3c56d2&#8243; global_colors_info=\u00bb{}\u00bb][et_pb_image src=\u00bbhttps:\/\/lanutripau.com\/wp-content\/uploads\/2025\/02\/anapau3.jpg\u00bb title_text=\u00bbanapau3&#8243; _builder_version=\u00bb4.27.4&#8243; _module_preset=\u00bb6ed8fd5c-62c5-4100-98c3-7b8b6d2c2ee6&#8243; hover_enabled=\u00bb0&#8243; locked=\u00bboff\u00bb global_colors_info=\u00bb{}\u00bb sticky_enabled=\u00bb0&#8243;][\/et_pb_image][\/et_pb_column][\/et_pb_row][\/et_pb_section][et_pb_section fb_built=\u00bb1&#8243; admin_label=\u00bbFeatures\u00bb _builder_version=\u00bb4.17.6&#8243; _module_preset=\u00bbdefault\u00bb collapsed=\u00bbon\u00bb global_colors_info=\u00bb{}\u00bb][et_pb_row _builder_version=\u00bb4.18.0&#8243; _module_preset=\u00bb5138c454-be54-4233-bd3b-f8e6a8747976&#8243; custom_margin=\u00bb|auto|-10px|auto|false|false\u00bb locked=\u00bboff\u00bb global_colors_info=\u00bb{}\u00bb][et_pb_column type=\u00bb4_4&#8243; _builder_version=\u00bb4.18.0&#8243; _module_preset=\u00bb73121f80-a3ef-4484-8763-c3f18e3c56d2&#8243; global_colors_info=\u00bb{}\u00bb][et_pb_heading title=\u00bbBeneficios de una Alimentaci\u00f3n Saludable\u00bb _builder_version=\u00bb4.24.3&#8243; _module_preset=\u00bbc33f07d9-41e0-421a-8799-5799df695cce\u00bb title_text_align=\u00bbcenter\u00bb global_colors_info=\u00bb{}\u00bb][\/et_pb_heading][\/et_pb_column][\/et_pb_row][et_pb_row column_structure=\u00bb1_3,1_3,1_3&#8243; _builder_version=\u00bb4.24.3&#8243; _module_preset=\u00bbc948bff6-554d-4de7-99f0-8c1387a293a6&#8243; border_radii=\u00bboff|6px|6px||\u00bb global_colors_info=\u00bb{}\u00bb][et_pb_column type=\u00bb1_3&#8243; _builder_version=\u00bb4.24.2&#8243; _module_preset=\u00bb24385ca2-769f-4664-bda9-1443db945d08&#8243; global_colors_info=\u00bb{}\u00bb][et_pb_blurb title=\u00bbMejora la Salud Cardiovascular\u00bb use_icon=\u00bbon\u00bb font_icon=\u00bb&#xf598;||fa||400&#8243; _builder_version=\u00bb4.24.3&#8243; _module_preset=\u00bbca79a742-981f-479f-a8a2-3a0292efaff0&#8243;]<\/p>\n<p>Adoptar una dieta equilibrada rica en frutas, verduras y granos integrales puede reducir el riesgo de enfermedades del coraz\u00f3n.<\/p>\n<p>[\/et_pb_blurb][\/et_pb_column][et_pb_column type=\u00bb1_3&#8243; _builder_version=\u00bb4.24.2&#8243; _module_preset=\u00bb24385ca2-769f-4664-bda9-1443db945d08&#8243; global_colors_info=\u00bb{}\u00bb][et_pb_blurb title=\u00bbAumenta los Niveles de Energ\u00eda\u00bb use_icon=\u00bbon\u00bb font_icon=\u00bb&#xf51a;||fa||900&#8243; _builder_version=\u00bb4.24.3&#8243; _module_preset=\u00bbca79a742-981f-479f-a8a2-3a0292efaff0&#8243; global_colors_info=\u00bb{%22gcid-f2943306-fa6c-45f0-b632-5fc00151366a%22:%91%22icon_color%22,%22icon_color%22%93}\u00bb]<\/p>\n<p>Consumir alimentos nutritivos proporciona la energ\u00eda necesaria para mantenernos activos durante todo el d\u00eda.<\/p>\n<p>[\/et_pb_blurb][\/et_pb_column][et_pb_column type=\u00bb1_3&#8243; _builder_version=\u00bb4.24.2&#8243; _module_preset=\u00bb24385ca2-769f-4664-bda9-1443db945d08&#8243; global_colors_info=\u00bb{}\u00bb][et_pb_blurb title=\u00bbFortalece el Sistema Inmunol\u00f3gico\u00bb use_icon=\u00bbon\u00bb font_icon=\u00bb&#xe06c;||fa||900&#8243; _builder_version=\u00bb4.24.3&#8243; _module_preset=\u00bbca79a742-981f-479f-a8a2-3a0292efaff0&#8243; global_colors_info=\u00bb{%22gcid-f2943306-fa6c-45f0-b632-5fc00151366a%22:%91%22icon_color%22,%22icon_color%22%93}\u00bb]<\/p>\n<p>Una dieta rica en vitaminas y minerales esenciales ayuda a fortalecer nuestras defensas naturales.<\/p>\n<p>[\/et_pb_blurb][\/et_pb_column][\/et_pb_row][et_pb_row column_structure=\u00bb1_3,1_3,1_3&#8243; _builder_version=\u00bb4.24.3&#8243; _module_preset=\u00bbc948bff6-554d-4de7-99f0-8c1387a293a6&#8243; border_radii=\u00bboff|||6px|6px\u00bb global_colors_info=\u00bb{}\u00bb][et_pb_column type=\u00bb1_3&#8243; _builder_version=\u00bb4.24.2&#8243; _module_preset=\u00bb24385ca2-769f-4664-bda9-1443db945d08&#8243; global_colors_info=\u00bb{}\u00bb][et_pb_blurb title=\u00bbPromueve la Salud Mental\u00bb use_icon=\u00bbon\u00bb font_icon=\u00bb&#xe012;||divi||400&#8243; _builder_version=\u00bb4.24.3&#8243; _module_preset=\u00bbca79a742-981f-479f-a8a2-3a0292efaff0&#8243;]<\/p>\n<p>Los nutrientes adecuados pueden mejorar el estado de \u00e1nimo y reducir los s\u00edntomas de ansiedad y depresi\u00f3n.<\/p>\n<p>[\/et_pb_blurb][\/et_pb_column][et_pb_column type=\u00bb1_3&#8243; _builder_version=\u00bb4.24.2&#8243; _module_preset=\u00bb24385ca2-769f-4664-bda9-1443db945d08&#8243; global_colors_info=\u00bb{}\u00bb][et_pb_blurb title=\u00bbControl de Peso Efectivo\u00bb use_icon=\u00bbon\u00bb font_icon=\u00bb&#xe012;||divi||400&#8243; _builder_version=\u00bb4.24.3&#8243; _module_preset=\u00bbca79a742-981f-479f-a8a2-3a0292efaff0&#8243; global_colors_info=\u00bb{%22gcid-f2943306-fa6c-45f0-b632-5fc00151366a%22:%91%22icon_color%22,%22icon_color%22%93}\u00bb]<\/p>\n<p>Una alimentaci\u00f3n balanceada ayuda a mantener un peso saludable y prevenir la obesidad.<\/p>\n<p>[\/et_pb_blurb][\/et_pb_column][et_pb_column type=\u00bb1_3&#8243; _builder_version=\u00bb4.24.2&#8243; _module_preset=\u00bb24385ca2-769f-4664-bda9-1443db945d08&#8243; global_colors_info=\u00bb{}\u00bb][et_pb_blurb title=\u00bbMejora la Digesti\u00f3n\u00bb use_icon=\u00bbon\u00bb font_icon=\u00bb&#xe012;||divi||400&#8243; _builder_version=\u00bb4.24.3&#8243; _module_preset=\u00bbca79a742-981f-479f-a8a2-3a0292efaff0&#8243; global_colors_info=\u00bb{%22gcid-f2943306-fa6c-45f0-b632-5fc00151366a%22:%91%22icon_color%22,%22icon_color%22%93}\u00bb]<\/p>\n<p>Incluir fibra en la dieta diaria favorece una digesti\u00f3n saludable y previene el estre\u00f1imiento.<\/p>\n<p>[\/et_pb_blurb][\/et_pb_column][\/et_pb_row][et_pb_row _builder_version=\u00bb4.23.1&#8243; _module_preset=\u00bbdefault\u00bb locked=\u00bboff\u00bb global_colors_info=\u00bb{}\u00bb][et_pb_column type=\u00bb4_4&#8243; _builder_version=\u00bb4.23.1&#8243; _module_preset=\u00bbdefault\u00bb global_colors_info=\u00bb{}\u00bb][et_pb_button button_text=\u00bbDescubre M\u00e1s\u00bb button_alignment=\u00bbcenter\u00bb _builder_version=\u00bb4.24.3&#8243; _module_preset=\u00bb8f56c411-db99-421d-8465-2b11f170e039&#8243; global_colors_info=\u00bb{}\u00bb][\/et_pb_button][\/et_pb_column][\/et_pb_row][\/et_pb_section][et_pb_section fb_built=\u00bb1&#8243; admin_label=\u00bbQuote\u00bb _builder_version=\u00bb4.18.0&#8243; _module_preset=\u00bbdefault\u00bb locked=\u00bboff\u00bb collapsed=\u00bbon\u00bb global_colors_info=\u00bb{}\u00bb][et_pb_row column_structure=\u00bb1_4,3_4&#8243; _builder_version=\u00bb4.24.3&#8243; _module_preset=\u00bbc9cfaba2-2263-4f35-8227-8d16ca8bd1cc\u00bb global_colors_info=\u00bb{%22gcid-7cadd8b3-5228-48e4-90c4-212d09232f7b%22:%91%22color%22,%22color%22,%22color%22,%22color%22,%22color%22%93,%22gcid-36fd78a7-34bc-404d-873c-dafa34efaae5%22:%91%22color%22,%22color%22,%22color%22%93}\u00bb][et_pb_column type=\u00bb1_4&#8243; _builder_version=\u00bb4.18.0&#8243; _module_preset=\u00bb73121f80-a3ef-4484-8763-c3f18e3c56d2&#8243; global_colors_info=\u00bb{}\u00bb][et_pb_icon font_icon=\u00bb&#xf10d;||fa||900&#8243; module_class=\u00bbai_ignore_font_icon\u00bb _builder_version=\u00bb4.24.3&#8243; _module_preset=\u00bbdfd0a315-5e72-4195-9911-9936ce1a7364&#8243; global_colors_info=\u00bb{}\u00bb][\/et_pb_icon][\/et_pb_column][et_pb_column type=\u00bb3_4&#8243; _builder_version=\u00bb4.18.0&#8243; _module_preset=\u00bb73121f80-a3ef-4484-8763-c3f18e3c56d2&#8243; global_colors_info=\u00bb{}\u00bb][et_pb_heading title=\u00bb%22La salud es el resultado de una alimentaci\u00f3n consciente y equilibrada.%22&#8243; _builder_version=\u00bb4.24.3&#8243; _module_preset=\u00bbba4a6336-701f-47b8-bf5c-09da0ce28016&#8243; locked=\u00bboff\u00bb global_colors_info=\u00bb{}\u00bb][\/et_pb_heading][et_pb_blurb title=\u00bbAna Paulina L\u00f3pez\u00bb image=\u00bbhttps:\/\/lanutripau.com\/wp-content\/uploads\/2025\/02\/anapau2.jpg\u00bb module_class=\u00bbai_ignore_image\u00bb _builder_version=\u00bb4.27.4&#8243; _module_preset=\u00bb45b26d2b-79d4-4066-9585-263815e1a9a2&#8243; hover_enabled=\u00bb0&#8243; locked=\u00bboff\u00bb global_colors_info=\u00bb{}\u00bb title_text=\u00bbanapau2&#8243; sticky_enabled=\u00bb0&#8243;]<\/p>\n<p>Nutri\u00f3loga Certificada<\/p>\n<p>[\/et_pb_blurb][\/et_pb_column][\/et_pb_row][\/et_pb_section][et_pb_section fb_built=\u00bb1&#8243; admin_label=\u00bbCall to Action\u00bb _builder_version=\u00bb4.18.0&#8243; _module_preset=\u00bbdefault\u00bb locked=\u00bboff\u00bb collapsed=\u00bbon\u00bb global_colors_info=\u00bb{}\u00bb][et_pb_row column_structure=\u00bb3_5,2_5&#8243; _builder_version=\u00bb4.24.3&#8243; _module_preset=\u00bb333b8a65-5730-490d-b80e-51611171c668&#8243; border_radii=\u00bbon|6px|6px|6px|6px\u00bb global_colors_info=\u00bb{}\u00bb][et_pb_column type=\u00bb3_5&#8243; _builder_version=\u00bb4.17.6&#8243; _module_preset=\u00bb73121f80-a3ef-4484-8763-c3f18e3c56d2&#8243; global_colors_info=\u00bb{}\u00bb][et_pb_heading title=\u00bb\u00danete a Nuestro Programa de Nutrici\u00f3n\u00bb _builder_version=\u00bb4.24.3&#8243; _module_preset=\u00bbc33f07d9-41e0-421a-8799-5799df695cce\u00bb title_text_color=\u00bb#FFFFFF\u00bb global_colors_info=\u00bb{}\u00bb][\/et_pb_heading][et_pb_text _builder_version=\u00bb4.24.2&#8243; _module_preset=\u00bb0504de1e-f5ff-4281-ba60-cbbe4edf98bc\u00bb locked=\u00bboff\u00bb global_colors_info=\u00bb{%22gcid-36fd78a7-34bc-404d-873c-dafa34efaae5%22:%91%22icon_color%22,%22icon_color%22,%22icon_color%22,%22icon_color%22,%22link_text_color%22,%22icon_color%22,%22icon_color%22,%22icon_color%22,%22icon_color%22,%22link_text_color%22%93}\u00bb]<\/p>\n<p>Descubre c\u00f3mo puedes transformar tu vida con una alimentaci\u00f3n saludable. Inscr\u00edbete en nuestro programa de nutrici\u00f3n y comienza tu viaje hacia una mejor salud y bienestar. Para m\u00e1s detalles, cont\u00e1ctanos hoy mismo.<\/p>\n<p>[\/et_pb_text][\/et_pb_column][et_pb_column type=\u00bb2_5&#8243; _builder_version=\u00bb4.18.0&#8243; _module_preset=\u00bb73121f80-a3ef-4484-8763-c3f18e3c56d2&#8243; global_colors_info=\u00bb{}\u00bb][et_pb_button button_text=\u00bbCont\u00e1ctanos Ahora\u00bb button_alignment=\u00bbcenter\u00bb _builder_version=\u00bb4.27.4&#8243; _module_preset=\u00bbab15fb74-61a3-43aa-96b3-41e09aeef654&#8243; hover_enabled=\u00bb0&#8243; global_colors_info=\u00bb{}\u00bb button_url=\u00bb@ET-DC@eyJkeW5hbWljIjp0cnVlLCJjb250ZW50IjoicG9zdF9saW5rX3VybF9wYWdlIiwic2V0dGluZ3MiOnsicG9zdF9pZCI6IjIxIn19@\u00bb _dynamic_attributes=\u00bbbutton_url\u00bb sticky_enabled=\u00bb0&#8243;][\/et_pb_button][\/et_pb_column][\/et_pb_row][\/et_pb_section]<\/p>\n","protected":false},"excerpt":{"rendered":"<p>Explora consejos pr\u00e1cticos y recetas deliciosas para transformar tu alimentaci\u00f3n y mejorar tu bienestar.Una refrescante ensalada llena de prote\u00ednas y grasas saludables, perfecta para el almuerzo o la cena.Una sopa ligera y nutritiva que ayuda a desintoxicar tu cuerpo mientras disfrutas de un sabor delicioso.Un batido lleno de vitaminas y minerales para comenzar tu d\u00eda [&hellip;]<\/p>\n","protected":false},"author":1,"featured_media":0,"parent":0,"menu_order":0,"comment_status":"closed","ping_status":"closed","template":"","meta":{"_et_pb_use_builder":"on","_et_pb_old_content":"","_et_gb_content_width":"","footnotes":""},"class_list":["post-15","page","type-page","status-publish","hentry"],"_links":{"self":[{"href":"https:\/\/lanutripau.com\/index.php\/wp-json\/wp\/v2\/pages\/15","targetHints":{"allow":["GET"]}}],"collection":[{"href":"https:\/\/lanutripau.com\/index.php\/wp-json\/wp\/v2\/pages"}],"about":[{"href":"https:\/\/lanutripau.com\/index.php\/wp-json\/wp\/v2\/types\/page"}],"author":[{"embeddable":true,"href":"https:\/\/lanutripau.com\/index.php\/wp-json\/wp\/v2\/users\/1"}],"replies":[{"embeddable":true,"href":"https:\/\/lanutripau.com\/index.php\/wp-json\/wp\/v2\/comments?post=15"}],"version-history":[{"count":3,"href":"https:\/\/lanutripau.com\/index.php\/wp-json\/wp\/v2\/pages\/15\/revisions"}],"predecessor-version":[{"id":131,"href":"https:\/\/lanutripau.com\/index.php\/wp-json\/wp\/v2\/pages\/15\/revisions\/131"}],"wp:attachment":[{"href":"https:\/\/lanutripau.com\/index.php\/wp-json\/wp\/v2\/media?parent=15"}],"curies":[{"name":"wp","href":"https:\/\/api.w.org\/{rel}","templated":true}]}}